{"id":30281,"date":"2024-12-18T09:50:53","date_gmt":"2024-12-18T14:50:53","guid":{"rendered":"https:\/\/tuancheta.co\/shop\/?post_type=product&#038;p=30281"},"modified":"2025-12-23T09:19:28","modified_gmt":"2025-12-23T14:19:28","slug":"ancheta-picnic-whisky-1-lt","status":"publish","type":"product","link":"https:\/\/tuancheta.co\/shop\/product\/ancheta-picnic-whisky-1-lt\/","title":{"rendered":"Ancheta Picnic Whisky 1 Lt"},"content":{"rendered":"<p>Ancheta Navide\u00f1a en Picnera de Mimbre \ud83c\udf81<\/p>\n<p>Incluye:<\/p>\n<p><img decoding=\"async\" class=\"alignleft\" style=\"margin-right: 5px;margin-left: 0\" src=\"https:\/\/tuancheta.co\/shop\/wp-content\/uploads\/2023\/11\/candy-cane-com-1.png\" width=\"19\" height=\"19\" \/>Whisky Buchanan&#8217;s 1 Lt 12 A\u00f1os<br \/>\n<img decoding=\"async\" class=\"alignleft\" style=\"margin-right: 5px;margin-left: 0\" src=\"https:\/\/tuancheta.co\/shop\/wp-content\/uploads\/2023\/11\/candy-cane-com-1.png\" width=\"19\" height=\"19\" \/>Galletas Navide\u00f1as Importadas 454gr<br \/>\n<img decoding=\"async\" class=\"alignleft\" style=\"margin-right: 5px;margin-left: 0\" src=\"https:\/\/tuancheta.co\/shop\/wp-content\/uploads\/2023\/11\/candy-cane-com-1.png\" width=\"19\" height=\"19\" \/>Man\u00ed 45gr<br \/>\n<img decoding=\"async\" class=\"alignleft\" style=\"margin-right: 5px;margin-left: 0\" src=\"https:\/\/tuancheta.co\/shop\/wp-content\/uploads\/2023\/11\/candy-cane-com-1.png\" width=\"19\" height=\"19\" \/>Barquillos 114gr<br \/>\n<img decoding=\"async\" class=\"alignleft\" style=\"margin-right: 5px;margin-left: 0\" src=\"https:\/\/tuancheta.co\/shop\/wp-content\/uploads\/2023\/11\/candy-cane-com-1.png\" width=\"19\" height=\"19\" \/>Queso Holandes Alpina 250gr<br \/>\n<img decoding=\"async\" class=\"alignleft\" style=\"margin-right: 5px;margin-left: 0\" src=\"https:\/\/tuancheta.co\/shop\/wp-content\/uploads\/2023\/11\/candy-cane-com-1.png\" width=\"19\" height=\"19\" \/>Arequipe Alpina 220 gr<br \/>\n<img decoding=\"async\" class=\"alignleft\" style=\"margin-right: 5px;margin-left: 0\" src=\"https:\/\/tuancheta.co\/shop\/wp-content\/uploads\/2023\/11\/candy-cane-com-1.png\" width=\"19\" height=\"19\" \/>Duraznos 280gr<br \/>\n<img decoding=\"async\" class=\"alignleft\" style=\"margin-right: 5px;margin-left: 0\" src=\"https:\/\/tuancheta.co\/shop\/wp-content\/uploads\/2023\/11\/candy-cane-com-1.png\" width=\"19\" height=\"19\" \/>Dulce de Papayuela 250gr<br \/>\n<img decoding=\"async\" class=\"alignleft\" style=\"margin-right: 5px;margin-left: 0\" src=\"https:\/\/tuancheta.co\/shop\/wp-content\/uploads\/2023\/11\/candy-cane-com-1.png\" width=\"19\" height=\"19\" \/>Cerezas 250gr<br \/>\n<img decoding=\"async\" class=\"alignleft\" style=\"margin-right: 5px;margin-left: 0\" src=\"https:\/\/tuancheta.co\/shop\/wp-content\/uploads\/2023\/11\/candy-cane-com-1.png\" width=\"19\" height=\"19\" \/>Mermelada Artesanal 250gr<br \/>\n<img decoding=\"async\" class=\"alignleft\" style=\"margin-right: 5px;margin-left: 0\" src=\"https:\/\/tuancheta.co\/shop\/wp-content\/uploads\/2023\/11\/candy-cane-com-1.png\" width=\"19\" height=\"19\" \/>Picnera en mimbre<\/p>\n<p>La ancheta se entregar\u00e1 empacada en papel celof\u00e1n transparente.<br \/>\nTarjeta con mensaje personalizado opcional.<\/p>\n","protected":false},"excerpt":{"rendered":"<p><img decoding=\"async\" class=\"alignleft\" style=\"margin-right: 5px;margin-left: 0\" src=\"https:\/\/tuancheta.co\/shop\/wp-content\/uploads\/2023\/11\/candy-cane-com-1.png\" width=\"19\" height=\"19\" \/>Whisky Buchanan&#8217;s 1Lt 12 A\u00f1os<br \/>\n<img decoding=\"async\" class=\"alignleft\" style=\"margin-right: 5px;margin-left: 0\" src=\"https:\/\/tuancheta.co\/shop\/wp-content\/uploads\/2023\/11\/candy-cane-com-1.png\" width=\"19\" height=\"19\" \/>Galletas Navide\u00f1as Importadas 454gr<br \/>\n<img decoding=\"async\" class=\"alignleft\" style=\"margin-right: 5px;margin-left: 0\" src=\"https:\/\/tuancheta.co\/shop\/wp-content\/uploads\/2023\/11\/candy-cane-com-1.png\" width=\"19\" height=\"19\" \/>Man\u00ed 45gr<br \/>\n<img decoding=\"async\" class=\"alignleft\" style=\"margin-right: 5px;margin-left: 0\" src=\"https:\/\/tuancheta.co\/shop\/wp-content\/uploads\/2023\/11\/candy-cane-com-1.png\" width=\"19\" height=\"19\" \/>Barquillos 114gr<br \/>\n<img decoding=\"async\" class=\"alignleft\" style=\"margin-right: 5px;margin-left: 0\" src=\"https:\/\/tuancheta.co\/shop\/wp-content\/uploads\/2023\/11\/candy-cane-com-1.png\" width=\"19\" height=\"19\" \/>Queso Holandes Alpina 250gr<br \/>\n<img decoding=\"async\" class=\"alignleft\" style=\"margin-right: 5px;margin-left: 0\" src=\"https:\/\/tuancheta.co\/shop\/wp-content\/uploads\/2023\/11\/candy-cane-com-1.png\" width=\"19\" height=\"19\" \/>Arequipe Alpina 220 gr<br \/>\n<img decoding=\"async\" class=\"alignleft\" style=\"margin-right: 5px;margin-left: 0\" src=\"https:\/\/tuancheta.co\/shop\/wp-content\/uploads\/2023\/11\/candy-cane-com-1.png\" width=\"19\" height=\"19\" \/>Duraznos 280gr<br \/>\n<img decoding=\"async\" class=\"alignleft\" style=\"margin-right: 5px;margin-left: 0\" src=\"https:\/\/tuancheta.co\/shop\/wp-content\/uploads\/2023\/11\/candy-cane-com-1.png\" width=\"19\" height=\"19\" \/>Dulce de Papayuela 250gr<br \/>\n<img decoding=\"async\" class=\"alignleft\" style=\"margin-right: 5px;margin-left: 0\" src=\"https:\/\/tuancheta.co\/shop\/wp-content\/uploads\/2023\/11\/candy-cane-com-1.png\" width=\"19\" height=\"19\" \/>Cerezas 250gr<br \/>\n<img decoding=\"async\" class=\"alignleft\" style=\"margin-right: 5px;margin-left: 0\" src=\"https:\/\/tuancheta.co\/shop\/wp-content\/uploads\/2023\/11\/candy-cane-com-1.png\" width=\"19\" height=\"19\" \/>Mermelada Artesanal 250gr<br \/>\n<img decoding=\"async\" class=\"alignleft\" style=\"margin-right: 5px;margin-left: 0\" src=\"https:\/\/tuancheta.co\/shop\/wp-content\/uploads\/2023\/11\/candy-cane-com-1.png\" width=\"19\" height=\"19\" \/>Picnera en mimbre<\/p>\n<p><em>Nota: Las fechas de entrega est\u00e1n sujetas a disponibilidad; por favor cont\u00e1ctanos para confirmar la fecha estimada de entrega <a href=\"http:\/\/wa.link\/tuancheta\" target=\"_blank\" rel=\"noopener\">aqu\u00ed<\/a>.<\/em><\/p>\n<p>\ud83d\ude9a Env\u00edos a todo el pa\u00eds. En caso de necesitar env\u00edos a diferentes puntos, por favor comunicate con nosotros <em><a href=\"http:\/\/wa.link\/tuancheta\" target=\"_blank\" rel=\"noopener\">aqu\u00ed<\/a><\/em>.<\/p>\n<p>Obt\u00e9n precios especiales al realizar pedidos de 50 anchetas o m\u00e1s.<\/p>\n","protected":false},"featured_media":29771,"template":"","meta":{"_tbt_post_transparent":"default","_tbt_post_title":"","_tbt_post_layout":"default","_tbt_post_sidebar_id":"","_tbt_post_content_style":"default","_tbt_post_vertical_padding":"default","_tbt_post_feature":"","_tbt_post_feature_position":"","_tbt_post_header":false,"_tbt_post_footer":false,"_joinchat":[]},"product_cat":[84],"product_tag":[89,90,91],"aioseo_notices":[],"_links":{"self":[{"href":"https:\/\/tuancheta.co\/shop\/wp-json\/wp\/v2\/product\/30281"}],"collection":[{"href":"https:\/\/tuancheta.co\/shop\/wp-json\/wp\/v2\/product"}],"about":[{"href":"https:\/\/tuancheta.co\/shop\/wp-json\/wp\/v2\/types\/product"}],"version-history":[{"count":4,"href":"https:\/\/tuancheta.co\/shop\/wp-json\/wp\/v2\/product\/30281\/revisions"}],"predecessor-version":[{"id":30436,"href":"https:\/\/tuancheta.co\/shop\/wp-json\/wp\/v2\/product\/30281\/revisions\/30436"}],"wp:featuredmedia":[{"embeddable":true,"href":"https:\/\/tuancheta.co\/shop\/wp-json\/wp\/v2\/media\/29771"}],"wp:attachment":[{"href":"https:\/\/tuancheta.co\/shop\/wp-json\/wp\/v2\/media?parent=30281"}],"wp:term":[{"taxonomy":"product_cat","embeddable":true,"href":"https:\/\/tuancheta.co\/shop\/wp-json\/wp\/v2\/product_cat?post=30281"},{"taxonomy":"product_tag","embeddable":true,"href":"https:\/\/tuancheta.co\/shop\/wp-json\/wp\/v2\/product_tag?post=30281"}],"curies":[{"name":"wp","href":"https:\/\/api.w.org\/{rel}","templated":true}]}}