{"id":29520,"date":"2023-02-10T22:31:58","date_gmt":"2023-02-11T03:31:58","guid":{"rendered":"https:\/\/demo.webdigify.com\/WCM02\/WCM060_santagift\/?post_type=product&#038;p=29520"},"modified":"2025-12-23T17:59:31","modified_gmt":"2025-12-23T22:59:31","slug":"ancheta-pequena","status":"publish","type":"product","link":"https:\/\/tuancheta.co\/shop\/product\/ancheta-pequena\/","title":{"rendered":"Ancheta Peque\u00f1a"},"content":{"rendered":"<p>Ancheta Navide\u00f1a en Guacal Rustico \ud83c\udf81<\/p>\n<p>Incluye:<\/p>\n<p><img decoding=\"async\" class=\"alignleft\" style=\"margin-right: 5px;margin-left: 0\" src=\"https:\/\/tuancheta.co\/shop\/wp-content\/uploads\/2023\/11\/candy-cane-com-1.png\" width=\"19\" height=\"19\" \/>Vino Gato Negro 350ml<br \/>\n<img decoding=\"async\" class=\"alignleft\" style=\"margin-right: 5px;margin-left: 0\" src=\"https:\/\/tuancheta.co\/shop\/wp-content\/uploads\/2023\/11\/candy-cane-com-1.png\" width=\"19\" height=\"19\" \/>Galletas Navide\u00f1as 120gr<br \/>\n<img decoding=\"async\" class=\"alignleft\" style=\"margin-right: 5px;margin-left: 0\" src=\"https:\/\/tuancheta.co\/shop\/wp-content\/uploads\/2023\/11\/candy-cane-com-1.png\" width=\"19\" height=\"19\" \/>Queso Holandes Alpina 250gr<br \/>\n<img decoding=\"async\" class=\"alignleft\" style=\"margin-right: 5px;margin-left: 0\" src=\"https:\/\/tuancheta.co\/shop\/wp-content\/uploads\/2023\/11\/candy-cane-com-1.png\" width=\"19\" height=\"19\" \/>Arequipe Alpina 220 gr<br \/>\n<img decoding=\"async\" class=\"alignleft\" style=\"margin-right: 5px;margin-left: 0\" src=\"https:\/\/tuancheta.co\/shop\/wp-content\/uploads\/2023\/11\/candy-cane-com-1.png\" width=\"19\" height=\"19\" \/>Canasta R\u00fastica en Madera<\/p>\n<p>La ancheta se entregar\u00e1 empacada en papel celof\u00e1n transparente.<br \/>\nTarjeta con mensaje personalizado opcional.<\/p>\n<p>&nbsp;<\/p>\n<pre class=\"ti-widget\" style=\"display: none\"><template id=\"trustindex-google-widget-html\"><div class=\" ti-widget  ti-goog ti-review-text-mode-readmore ti-text-align-left\" data-no-translation=\"true\" data-time-locale=\"hace %d %s|hoy|d\u00eda|d\u00edas|semana|semanas|mes|meses|a\u00f1o|a\u00f1os\" data-layout-id=\"4\" data-layout-category=\"slider\" data-set-id=\"drop-shadow\" data-pid=\"\" data-language=\"es\" data-close-locale=\"Cerca\" data-review-target-width=\"300\" data-css-version=\"2\" data-reply-by-locale=\"Respuesta del propietario\" data-pager-autoplay-timeout=\"6\"> <div class=\"ti-widget-container ti-col-3\"> <div class=\"ti-reviews-container\"> <div class=\"ti-controls\"> <div class=\"ti-next\" aria-label=\"Siguiente rese\u00f1a\" role=\"button\"><\/div> <div class=\"ti-prev\" aria-label=\"Rese\u00f1a anterior\" role=\"button\"><\/div> <\/div> <div class=\"ti-reviews-container-wrapper\">  <div data-empty=\"0\" data-time=\"1735171200\" class=\"ti-review-item source-Google ti-image-layout-thumbnail\" data-id=\"cfcd208495d565ef66e7dff9f98764da\"> <div class=\"ti-inner\"> <div class=\"ti-review-header\"> <div class=\"ti-platform-icon ti-with-tooltip\"> <span class=\"ti-tooltip\">Publicado en <\/span> <trustindex-image data-imgurl=\"https:\/\/cdn.trustindex.io\/assets\/platform\/Google\/icon.svg\" alt=\"\" width=\"20\" height=\"20\" loading=\"lazy\"><\/trustindex-image> <\/div> <div class=\"ti-profile-img\"> <trustindex-image data-imgurl=\"https:\/\/lh3.googleusercontent.com\/a\/ACg8ocImM_dWbtCFEFl3Px5PGzFD7ie9_uujnAF1m4Aod9KP77ru7A=w40-h40-c-rp-mo-br100\" alt=\"johan sebastian monroy gonzalez profile picture\" loading=\"lazy\"><\/trustindex-image> <\/div> <div class=\"ti-profile-details\"> <div class=\"ti-name\"> johan sebastian monroy gonzalez <\/div> <div class=\"ti-date\"><\/div> <\/div> <\/div> <span class=\"ti-stars\"><trustindex-image class=\"ti-star\" data-imgurl=\"https:\/\/cdn.trustindex.io\/assets\/platform\/Google\/star\/f.svg\" alt=\"Google\" width=\"17\" height=\"17\" loading=\"lazy\"><\/trustindex-image><trustindex-image class=\"ti-star\" data-imgurl=\"https:\/\/cdn.trustindex.io\/assets\/platform\/Google\/star\/f.svg\" alt=\"Google\" width=\"17\" height=\"17\" loading=\"lazy\"><\/trustindex-image><trustindex-image class=\"ti-star\" data-imgurl=\"https:\/\/cdn.trustindex.io\/assets\/platform\/Google\/star\/f.svg\" alt=\"Google\" width=\"17\" height=\"17\" loading=\"lazy\"><\/trustindex-image><trustindex-image class=\"ti-star\" data-imgurl=\"https:\/\/cdn.trustindex.io\/assets\/platform\/Google\/star\/f.svg\" alt=\"Google\" width=\"17\" height=\"17\" loading=\"lazy\"><\/trustindex-image><trustindex-image class=\"ti-star\" data-imgurl=\"https:\/\/cdn.trustindex.io\/assets\/platform\/Google\/star\/f.svg\" alt=\"Google\" width=\"17\" height=\"17\" loading=\"lazy\"><\/trustindex-image><span class=\"ti-verified-review ti-verified-platform\"><span class=\"ti-verified-tooltip\">Trustindex verifica que la fuente original de la rese\u00f1a sea Google.<\/span><\/span><\/span> <div class=\"ti-review-text-container ti-review-content\"><!-- R-CONTENT -->100% recomendados<!-- R-CONTENT --><\/div> <span class=\"ti-read-more\" data-container=\".ti-review-content\" data-collapse-text=\"Ocultar\" data-open-text=\"Leer m\u00e1s\"><\/span> <\/div> <\/div>  <div data-empty=\"0\" data-time=\"1734998400\" class=\"ti-review-item source-Google ti-image-layout-thumbnail\" data-id=\"cfcd208495d565ef66e7dff9f98764da\"> <div class=\"ti-inner\"> <div class=\"ti-review-header\"> <div class=\"ti-platform-icon ti-with-tooltip\"> <span class=\"ti-tooltip\">Publicado en <\/span> <trustindex-image data-imgurl=\"https:\/\/cdn.trustindex.io\/assets\/platform\/Google\/icon.svg\" alt=\"\" width=\"20\" height=\"20\" loading=\"lazy\"><\/trustindex-image> <\/div> <div class=\"ti-profile-img\"> <trustindex-image data-imgurl=\"https:\/\/lh3.googleusercontent.com\/a-\/ALV-UjWGQuly1pLWbnQQZYvdfn6kW1Ly3c0Nt09R15xcuzY0DXTybyJd=w40-h40-c-rp-mo-ba4-br100\" alt=\"Rafael Pe\u00f1a profile picture\" loading=\"lazy\"><\/trustindex-image> <\/div> <div class=\"ti-profile-details\"> <div class=\"ti-name\"> Rafael Pe\u00f1a <\/div> <div class=\"ti-date\"><\/div> <\/div> <\/div> <span class=\"ti-stars\"><trustindex-image class=\"ti-star\" data-imgurl=\"https:\/\/cdn.trustindex.io\/assets\/platform\/Google\/star\/f.svg\" alt=\"Google\" width=\"17\" height=\"17\" loading=\"lazy\"><\/trustindex-image><trustindex-image class=\"ti-star\" data-imgurl=\"https:\/\/cdn.trustindex.io\/assets\/platform\/Google\/star\/f.svg\" alt=\"Google\" width=\"17\" height=\"17\" loading=\"lazy\"><\/trustindex-image><trustindex-image class=\"ti-star\" data-imgurl=\"https:\/\/cdn.trustindex.io\/assets\/platform\/Google\/star\/f.svg\" alt=\"Google\" width=\"17\" height=\"17\" loading=\"lazy\"><\/trustindex-image><trustindex-image class=\"ti-star\" data-imgurl=\"https:\/\/cdn.trustindex.io\/assets\/platform\/Google\/star\/f.svg\" alt=\"Google\" width=\"17\" height=\"17\" loading=\"lazy\"><\/trustindex-image><trustindex-image class=\"ti-star\" data-imgurl=\"https:\/\/cdn.trustindex.io\/assets\/platform\/Google\/star\/f.svg\" alt=\"Google\" width=\"17\" height=\"17\" loading=\"lazy\"><\/trustindex-image><span class=\"ti-verified-review ti-verified-platform\"><span class=\"ti-verified-tooltip\">Trustindex verifica que la fuente original de la rese\u00f1a sea Google.<\/span><\/span><\/span> <div class=\"ti-review-text-container ti-review-content\"><!-- R-CONTENT -->Excelente servicio, muy r\u00e1pido incluso en tiempos de dif\u00edcil entrega como son los d\u00edas antes de navidad, la comunicaci\u00f3n siempre fue efectiva y asertiva. M\u00e1s all\u00e1 de eso, el producto obtenido (ancheta navide\u00f1a picnic) es muy lindo, todo lo promocionado y adem\u00e1s con una decoraci\u00f3n muy linda. Totalmente recomendados.<!-- R-CONTENT --><\/div> <span class=\"ti-read-more\" data-container=\".ti-review-content\" data-collapse-text=\"Ocultar\" data-open-text=\"Leer m\u00e1s\"><\/span> <\/div> <\/div>  <div data-empty=\"0\" data-time=\"1734998400\" class=\"ti-review-item source-Google ti-image-layout-thumbnail\" data-id=\"cfcd208495d565ef66e7dff9f98764da\"> <div class=\"ti-inner\"> <div class=\"ti-review-header\"> <div class=\"ti-platform-icon ti-with-tooltip\"> <span class=\"ti-tooltip\">Publicado en <\/span> <trustindex-image data-imgurl=\"https:\/\/cdn.trustindex.io\/assets\/platform\/Google\/icon.svg\" alt=\"\" width=\"20\" height=\"20\" loading=\"lazy\"><\/trustindex-image> <\/div> <div class=\"ti-profile-img\"> <trustindex-image data-imgurl=\"https:\/\/lh3.googleusercontent.com\/a\/ACg8ocJlHF7ugyPu1i05eM_JowNzkURJrPEQOt03Q8-iQdBfKT6bIA=w40-h40-c-rp-mo-br100\" alt=\"Angelica Nino profile picture\" loading=\"lazy\"><\/trustindex-image> <\/div> <div class=\"ti-profile-details\"> <div class=\"ti-name\"> Angelica Nino <\/div> <div class=\"ti-date\"><\/div> <\/div> <\/div> <span class=\"ti-stars\"><trustindex-image class=\"ti-star\" data-imgurl=\"https:\/\/cdn.trustindex.io\/assets\/platform\/Google\/star\/f.svg\" alt=\"Google\" width=\"17\" height=\"17\" loading=\"lazy\"><\/trustindex-image><trustindex-image class=\"ti-star\" data-imgurl=\"https:\/\/cdn.trustindex.io\/assets\/platform\/Google\/star\/f.svg\" alt=\"Google\" width=\"17\" height=\"17\" loading=\"lazy\"><\/trustindex-image><trustindex-image class=\"ti-star\" data-imgurl=\"https:\/\/cdn.trustindex.io\/assets\/platform\/Google\/star\/f.svg\" alt=\"Google\" width=\"17\" height=\"17\" loading=\"lazy\"><\/trustindex-image><trustindex-image class=\"ti-star\" data-imgurl=\"https:\/\/cdn.trustindex.io\/assets\/platform\/Google\/star\/f.svg\" alt=\"Google\" width=\"17\" height=\"17\" loading=\"lazy\"><\/trustindex-image><trustindex-image class=\"ti-star\" data-imgurl=\"https:\/\/cdn.trustindex.io\/assets\/platform\/Google\/star\/f.svg\" alt=\"Google\" width=\"17\" height=\"17\" loading=\"lazy\"><\/trustindex-image><span class=\"ti-verified-review ti-verified-platform\"><span class=\"ti-verified-tooltip\">Trustindex verifica que la fuente original de la rese\u00f1a sea Google.<\/span><\/span><\/span> <div class=\"ti-review-text-container ti-review-content\"><!-- R-CONTENT -->S\u00faper recomendado, excelencia y calidad en un mismo lugar.\nMuchas gracias por tan lindo\nservicio<!-- R-CONTENT --><\/div> <span class=\"ti-read-more\" data-container=\".ti-review-content\" data-collapse-text=\"Ocultar\" data-open-text=\"Leer m\u00e1s\"><\/span> <\/div> <\/div>  <div data-empty=\"0\" data-time=\"1734480000\" class=\"ti-review-item source-Google ti-image-layout-thumbnail\" data-id=\"cfcd208495d565ef66e7dff9f98764da\"> <div class=\"ti-inner\"> <div class=\"ti-review-header\"> <div class=\"ti-platform-icon ti-with-tooltip\"> <span class=\"ti-tooltip\">Publicado en <\/span> <trustindex-image data-imgurl=\"https:\/\/cdn.trustindex.io\/assets\/platform\/Google\/icon.svg\" alt=\"\" width=\"20\" height=\"20\" loading=\"lazy\"><\/trustindex-image> <\/div> <div class=\"ti-profile-img\"> <trustindex-image data-imgurl=\"https:\/\/lh3.googleusercontent.com\/a\/ACg8ocJBFmijwcCKXpGXbgcC_ovwQ6R6JNjJdDI1ZZkEFU5iQ4lnrxY=w40-h40-c-rp-mo-br100\" alt=\"Isabella profile picture\" loading=\"lazy\"><\/trustindex-image> <\/div> <div class=\"ti-profile-details\"> <div class=\"ti-name\"> Isabella <\/div> <div class=\"ti-date\"><\/div> <\/div> <\/div> <span class=\"ti-stars\"><trustindex-image class=\"ti-star\" data-imgurl=\"https:\/\/cdn.trustindex.io\/assets\/platform\/Google\/star\/f.svg\" alt=\"Google\" width=\"17\" height=\"17\" loading=\"lazy\"><\/trustindex-image><trustindex-image class=\"ti-star\" data-imgurl=\"https:\/\/cdn.trustindex.io\/assets\/platform\/Google\/star\/f.svg\" alt=\"Google\" width=\"17\" height=\"17\" loading=\"lazy\"><\/trustindex-image><trustindex-image class=\"ti-star\" data-imgurl=\"https:\/\/cdn.trustindex.io\/assets\/platform\/Google\/star\/f.svg\" alt=\"Google\" width=\"17\" height=\"17\" loading=\"lazy\"><\/trustindex-image><trustindex-image class=\"ti-star\" data-imgurl=\"https:\/\/cdn.trustindex.io\/assets\/platform\/Google\/star\/f.svg\" alt=\"Google\" width=\"17\" height=\"17\" loading=\"lazy\"><\/trustindex-image><trustindex-image class=\"ti-star\" data-imgurl=\"https:\/\/cdn.trustindex.io\/assets\/platform\/Google\/star\/f.svg\" alt=\"Google\" width=\"17\" height=\"17\" loading=\"lazy\"><\/trustindex-image><span class=\"ti-verified-review ti-verified-platform\"><span class=\"ti-verified-tooltip\">Trustindex verifica que la fuente original de la rese\u00f1a sea Google.<\/span><\/span><\/span> <div class=\"ti-review-text-container ti-review-content\"><!-- R-CONTENT -->Me parecieron muy bonitos y creativos los adornos de las anchetas. Todo lleg\u00f3 de buena calidad y a tiempo. 5\/5 \u2b50\ufe0f<!-- R-CONTENT --><\/div> <span class=\"ti-read-more\" data-container=\".ti-review-content\" data-collapse-text=\"Ocultar\" data-open-text=\"Leer m\u00e1s\"><\/span> <\/div> <\/div>  <div data-empty=\"0\" data-time=\"1734480000\" class=\"ti-review-item source-Google ti-image-layout-thumbnail\" data-id=\"cfcd208495d565ef66e7dff9f98764da\"> <div class=\"ti-inner\"> <div class=\"ti-review-header\"> <div class=\"ti-platform-icon ti-with-tooltip\"> <span class=\"ti-tooltip\">Publicado en <\/span> <trustindex-image data-imgurl=\"https:\/\/cdn.trustindex.io\/assets\/platform\/Google\/icon.svg\" alt=\"\" width=\"20\" height=\"20\" loading=\"lazy\"><\/trustindex-image> <\/div> <div class=\"ti-profile-img\"> <trustindex-image data-imgurl=\"https:\/\/lh3.googleusercontent.com\/a-\/ALV-UjUEOYHv-7K9QHes5znJdWakTYv5KOGVh-6ACnmXdmWd2k1s3wE=w40-h40-c-rp-mo-ba2-br100\" alt=\"Fabian Martinez profile picture\" loading=\"lazy\"><\/trustindex-image> <\/div> <div class=\"ti-profile-details\"> <div class=\"ti-name\"> Fabian Martinez <\/div> <div class=\"ti-date\"><\/div> <\/div> <\/div> <span class=\"ti-stars\"><trustindex-image class=\"ti-star\" data-imgurl=\"https:\/\/cdn.trustindex.io\/assets\/platform\/Google\/star\/f.svg\" alt=\"Google\" width=\"17\" height=\"17\" loading=\"lazy\"><\/trustindex-image><trustindex-image class=\"ti-star\" data-imgurl=\"https:\/\/cdn.trustindex.io\/assets\/platform\/Google\/star\/f.svg\" alt=\"Google\" width=\"17\" height=\"17\" loading=\"lazy\"><\/trustindex-image><trustindex-image class=\"ti-star\" data-imgurl=\"https:\/\/cdn.trustindex.io\/assets\/platform\/Google\/star\/f.svg\" alt=\"Google\" width=\"17\" height=\"17\" loading=\"lazy\"><\/trustindex-image><trustindex-image class=\"ti-star\" data-imgurl=\"https:\/\/cdn.trustindex.io\/assets\/platform\/Google\/star\/f.svg\" alt=\"Google\" width=\"17\" height=\"17\" loading=\"lazy\"><\/trustindex-image><trustindex-image class=\"ti-star\" data-imgurl=\"https:\/\/cdn.trustindex.io\/assets\/platform\/Google\/star\/f.svg\" alt=\"Google\" width=\"17\" height=\"17\" loading=\"lazy\"><\/trustindex-image><span class=\"ti-verified-review ti-verified-platform\"><span class=\"ti-verified-tooltip\">Trustindex verifica que la fuente original de la rese\u00f1a sea Google.<\/span><\/span><\/span> <div class=\"ti-review-text-container ti-review-content\"><!-- R-CONTENT -->Otro a\u00f1o m\u00e1s que escogemos a Tu Ancheta para los regalos de Navidad<!-- R-CONTENT --><\/div> <span class=\"ti-read-more\" data-container=\".ti-review-content\" data-collapse-text=\"Ocultar\" data-open-text=\"Leer m\u00e1s\"><\/span> <\/div> <\/div>  <div data-empty=\"0\" data-time=\"1734480000\" class=\"ti-review-item source-Google ti-image-layout-thumbnail\" data-id=\"cfcd208495d565ef66e7dff9f98764da\"> <div class=\"ti-inner\"> <div class=\"ti-review-header\"> <div class=\"ti-platform-icon ti-with-tooltip\"> <span class=\"ti-tooltip\">Publicado en <\/span> <trustindex-image data-imgurl=\"https:\/\/cdn.trustindex.io\/assets\/platform\/Google\/icon.svg\" alt=\"\" width=\"20\" height=\"20\" loading=\"lazy\"><\/trustindex-image> <\/div> <div class=\"ti-profile-img\"> <trustindex-image data-imgurl=\"https:\/\/lh3.googleusercontent.com\/a-\/ALV-UjVjxaY_Gl3sbkXH04INHbvj1DyXaecTTabMT9c1xp_CMH-YkUmz=w40-h40-c-rp-mo-ba2-br100\" alt=\"Stephanie Ricaurte profile picture\" loading=\"lazy\"><\/trustindex-image> <\/div> <div class=\"ti-profile-details\"> <div class=\"ti-name\"> Stephanie Ricaurte <\/div> <div class=\"ti-date\"><\/div> <\/div> <\/div> <span class=\"ti-stars\"><trustindex-image class=\"ti-star\" data-imgurl=\"https:\/\/cdn.trustindex.io\/assets\/platform\/Google\/star\/f.svg\" alt=\"Google\" width=\"17\" height=\"17\" loading=\"lazy\"><\/trustindex-image><trustindex-image class=\"ti-star\" data-imgurl=\"https:\/\/cdn.trustindex.io\/assets\/platform\/Google\/star\/f.svg\" alt=\"Google\" width=\"17\" height=\"17\" loading=\"lazy\"><\/trustindex-image><trustindex-image class=\"ti-star\" data-imgurl=\"https:\/\/cdn.trustindex.io\/assets\/platform\/Google\/star\/f.svg\" alt=\"Google\" width=\"17\" height=\"17\" loading=\"lazy\"><\/trustindex-image><trustindex-image class=\"ti-star\" data-imgurl=\"https:\/\/cdn.trustindex.io\/assets\/platform\/Google\/star\/f.svg\" alt=\"Google\" width=\"17\" height=\"17\" loading=\"lazy\"><\/trustindex-image><trustindex-image class=\"ti-star\" data-imgurl=\"https:\/\/cdn.trustindex.io\/assets\/platform\/Google\/star\/f.svg\" alt=\"Google\" width=\"17\" height=\"17\" loading=\"lazy\"><\/trustindex-image><span class=\"ti-verified-review ti-verified-platform\"><span class=\"ti-verified-tooltip\">Trustindex verifica que la fuente original de la rese\u00f1a sea Google.<\/span><\/span><\/span> <div class=\"ti-review-text-container ti-review-content\"><!-- R-CONTENT -->Muy bonitas Anchetas de navidad<!-- R-CONTENT --><\/div> <span class=\"ti-read-more\" data-container=\".ti-review-content\" data-collapse-text=\"Ocultar\" data-open-text=\"Leer m\u00e1s\"><\/span> <\/div> <\/div>  <\/div> <div class=\"ti-controls-line\"> <div class=\"dot\"><\/div> <\/div> <\/div>    <div class=\"ti-verified-by ti-verified-by-row\" data-style=\"1\"> <div class=\"ti-inner\"> Verificado por: Trustindex <span class=\"ti-info-icon\"><\/span> <div class=\"ti-disclaimer\">La insignia verificada de Trustindex es el s\u00edmbolo universal de confianza. Solo las mejores empresas pueden obtener la insignia verificada si tienen una puntuaci\u00f3n de revisi\u00f3n superior a 4.5, basada en las rese\u00f1as de clientes de los \u00faltimos 12 meses. <a href=\"https:\/\/www.trustindex.io\/?a=sys&amp;c=wp-verified-badge&amp;url=\/the-trustindex-verified-badge\/\" target=\"_blank\">Leer m\u00e1s<\/a><\/div> <\/div> <\/div>  <\/div> <\/div> <\/template><\/pre><div data-src=\"https:\/\/cdn.trustindex.io\/loader.js?wp-widget\" data-template-id=\"trustindex-google-widget-html\" data-css-url=\"https:\/\/tuancheta.co\/shop\/wp-content\/uploads\/trustindex-google-widget.css?1765221854\"><\/div>\n","protected":false},"excerpt":{"rendered":"<p><img decoding=\"async\" class=\"alignleft\" style=\"margin-right: 5px;margin-left: 0\" src=\"https:\/\/tuancheta.co\/shop\/wp-content\/uploads\/2023\/11\/candy-cane-com-1.png\" width=\"19\" height=\"19\" \/>Vino Gato Negro 350ml<br \/>\n<img decoding=\"async\" class=\"alignleft\" style=\"margin-right: 5px;margin-left: 0\" src=\"https:\/\/tuancheta.co\/shop\/wp-content\/uploads\/2023\/11\/candy-cane-com-1.png\" width=\"19\" height=\"19\" \/>Galletas Navide\u00f1as 120gr<br \/>\n<img decoding=\"async\" class=\"alignleft\" style=\"margin-right: 5px;margin-left: 0\" src=\"https:\/\/tuancheta.co\/shop\/wp-content\/uploads\/2023\/11\/candy-cane-com-1.png\" width=\"19\" height=\"19\" \/>Queso Holandes Alpina 250gr<br \/>\n<img decoding=\"async\" class=\"alignleft\" style=\"margin-right: 5px;margin-left: 0\" src=\"https:\/\/tuancheta.co\/shop\/wp-content\/uploads\/2023\/11\/candy-cane-com-1.png\" width=\"19\" height=\"19\" \/>Arequipe Alpina 220 gr<br \/>\n<img decoding=\"async\" class=\"alignleft\" style=\"margin-right: 5px;margin-left: 0\" src=\"https:\/\/tuancheta.co\/shop\/wp-content\/uploads\/2023\/11\/candy-cane-com-1.png\" width=\"19\" height=\"19\" \/>Canasta R\u00fastica en Madera<\/p>\n<p><em>Nota: Las fechas de entrega est\u00e1n sujetas a disponibilidad; por favor cont\u00e1ctanos para confirmar la fecha estimada de entrega <a href=\"http:\/\/wa.link\/tuancheta\" target=\"_blank\" rel=\"noopener\">aqu\u00ed<\/a>.<\/em><\/p>\n<p>\ud83d\ude9a Env\u00edos a todo el pa\u00eds. En caso de necesitar env\u00edos a diferentes puntos, por favor comunicate con nosotros <em><a href=\"http:\/\/wa.link\/tuancheta\" target=\"_blank\" rel=\"noopener\">aqu\u00ed<\/a><\/em>.<\/p>\n<p>Obt\u00e9n precios especiales al realizar pedidos de 50 anchetas o m\u00e1s.<\/p>\n","protected":false},"featured_media":29765,"template":"","meta":{"_tbt_post_transparent":"default","_tbt_post_title":"","_tbt_post_layout":"default","_tbt_post_sidebar_id":"","_tbt_post_content_style":"default","_tbt_post_vertical_padding":"default","_tbt_post_feature":"","_tbt_post_feature_position":"","_tbt_post_header":false,"_tbt_post_footer":false,"_joinchat":{"view":"yes"}},"product_cat":[84],"product_tag":[89,90,91],"aioseo_notices":[],"_links":{"self":[{"href":"https:\/\/tuancheta.co\/shop\/wp-json\/wp\/v2\/product\/29520"}],"collection":[{"href":"https:\/\/tuancheta.co\/shop\/wp-json\/wp\/v2\/product"}],"about":[{"href":"https:\/\/tuancheta.co\/shop\/wp-json\/wp\/v2\/types\/product"}],"version-history":[{"count":15,"href":"https:\/\/tuancheta.co\/shop\/wp-json\/wp\/v2\/product\/29520\/revisions"}],"predecessor-version":[{"id":30442,"href":"https:\/\/tuancheta.co\/shop\/wp-json\/wp\/v2\/product\/29520\/revisions\/30442"}],"wp:featuredmedia":[{"embeddable":true,"href":"https:\/\/tuancheta.co\/shop\/wp-json\/wp\/v2\/media\/29765"}],"wp:attachment":[{"href":"https:\/\/tuancheta.co\/shop\/wp-json\/wp\/v2\/media?parent=29520"}],"wp:term":[{"taxonomy":"product_cat","embeddable":true,"href":"https:\/\/tuancheta.co\/shop\/wp-json\/wp\/v2\/product_cat?post=29520"},{"taxonomy":"product_tag","embeddable":true,"href":"https:\/\/tuancheta.co\/shop\/wp-json\/wp\/v2\/product_tag?post=29520"}],"curies":[{"name":"wp","href":"https:\/\/api.w.org\/{rel}","templated":true}]}}